{"id":222,"date":"2023-10-12T14:36:34","date_gmt":"2023-10-12T12:36:34","guid":{"rendered":"https:\/\/www.ekifert.com\/?page_id=222"},"modified":"2024-05-16T16:52:54","modified_gmt":"2024-05-16T14:52:54","slug":"compost","status":"publish","type":"page","link":"https:\/\/www.ekifert.com\/index.php\/compost\/","title":{"rendered":"Engrais &#038; Amendements organiques pulv\u00e9rulents"},"content":{"rendered":"\n\t<section class=\"section\" id=\"section_403503740\">\n\t\t<div class=\"bg section-bg fill bg-fill  \" >\n\n\t\t\t\n\t\t\t\n\t\t\t\n\n\t\t<\/div>\n\n\t\t\n\n\t\t<div class=\"section-content relative\">\n\t\t\t\n\n\n\t\t<\/div>\n\n\t\t\n<style>\n#section_403503740 {\n  padding-top: 30px;\n  padding-bottom: 30px;\n  min-height: 250px;\n}\n#section_403503740 .section-bg.bg-loaded {\n  background-image: url(https:\/\/www.ekifert.com\/wp-content\/uploads\/2024\/02\/Champs_Colza.jpg);\n}\n#section_403503740 .section-bg {\n  background-position: 57% 24%;\n}\n@media (min-width:550px) {\n  #section_403503740 {\n    min-height: 325px;\n  }\n}\n<\/style>\n\t<\/section>\n\t\n\t<section class=\"section\" id=\"section_1077090386\">\n\t\t<div class=\"bg section-bg fill bg-fill  bg-loaded\" >\n\n\t\t\t\n\t\t\t\n\t\t\t\n\n\t\t<\/div>\n\n\t\t\n\n\t\t<div class=\"section-content relative\">\n\t\t\t\n\n\t<div id=\"gap-1747043672\" class=\"gap-element clearfix\" style=\"display:block; height:auto;\">\n\t\t\n<style>\n#gap-1747043672 {\n  padding-top: 20px;\n}\n@media (min-width:550px) {\n  #gap-1747043672 {\n    padding-top: 40px;\n  }\n}\n<\/style>\n\t<\/div>\n\t\n\n<div class=\"row\"  id=\"row-1582010190\">\n\n\n\t<div id=\"col-2113608024\" class=\"col medium-4 small-12 large-4\"  >\n\t\t\t\t<div class=\"col-inner\"  >\n\t\t\t\n\t\t\t\n\n\t<div id=\"gap-386679185\" class=\"gap-element clearfix hide-for-medium\" style=\"display:block; height:auto;\">\n\t\t\n<style>\n#gap-386679185 {\n  padding-top: 10px;\n}\n<\/style>\n\t<\/div>\n\t\n\n\t<div id=\"text-2326482705\" class=\"text\">\n\t\t\n\n<h2><span class=\"OYPEnA text-decoration-none text-strikethrough-none\">Engrais &amp; Amendements organiques pulv\u00e9rulents<\/span><\/h2>\n\t\t\n<style>\n#text-2326482705 {\n  font-size: 1.75rem;\n  line-height: 1.25;\n  color: #132e4b;\n}\n#text-2326482705 > * {\n  color: #132e4b;\n}\n@media (min-width:850px) {\n  #text-2326482705 {\n    line-height: 0.75;\n  }\n}\n<\/style>\n\t<\/div>\n\t\n\n\t\t<\/div>\n\t\t\t\t\n<style>\n#col-2113608024 > .col-inner {\n  margin: 0px 0px -20px 0px;\n}\n<\/style>\n\t<\/div>\n\n\t\n\n\t<div id=\"col-1860511572\" class=\"col medium-8 small-12 large-8\"  >\n\t\t\t\t<div class=\"col-inner\"  >\n\t\t\t\n\t\t\t\n\n<p>Les engrais et amendements organiques sont des fertilisants form\u00e9s \u00e0 partir des d\u00e9jections animales et des d\u00e9chets v\u00e9g\u00e9taux. Ils nourrissent et r\u00e9parent les sols tout en favorisant la croissance des plantes.<\/p>\n<p>Ils sont une source pr\u00e9cieuse de carbone et d&rsquo;\u00e9l\u00e9ments min\u00e9raux (N,P,K, oligo \u00e9l\u00e9ments\u2026). L&rsquo;apport r\u00e9gulier de mati\u00e8re organique avec des produits Ekifert permet de nourrir le sol et d\u00e9velopper la vie microbienne. Plus la vie microbienne se d\u00e9veloppe, plus le sol fonctionne, meilleure est la structure du sol et meilleure est la nutrition des v\u00e9g\u00e9taux. C&rsquo;est un cercle vertueux.<\/p>\n<p>La haute valeur agronomique des engrais et amendements organiques des gammes pr\u00e9par\u00e9s par Ekifert, permet de reconstituer les sols en les enrichissant en humus et nutriments.<\/p>\n<p>En plus d&rsquo;accompagner la croissance des plantes, les mati\u00e8res organiques sont des moyens efficaces de pr\u00e9servation des milieux. Ils luttent contre la d\u00e9gradation des sols par les pesticides et les engrais min\u00e9raux. Ils permettent d&rsquo;augmenter la capacit\u00e9 de stockage de l&rsquo;eau par le sol et donc de pr\u00e9server les ressources en eau.<\/p>\n<p>Une partie de notre gamme est utilisable en agriculture biologique<\/p>\n<a href=\"https:\/\/www.ekifert.com\/index.php\/contact\/\" class=\"button primary is-outline\"  style=\"border-radius:99px;\">\n    <span>Je prends contact<\/span>\n  <i class=\"icon-angle-right\" aria-hidden=\"true\" ><\/i><\/a>\n\n\n\n\t\t<\/div>\n\t\t\t\t\t<\/div>\n\n\t\n\n<\/div>\n\n\t\t<\/div>\n\n\t\t\n<style>\n#section_1077090386 {\n  padding-top: 30px;\n  padding-bottom: 30px;\n}\n<\/style>\n\t<\/section>\n\t\n\t<section class=\"section\" id=\"section_167191633\">\n\t\t<div class=\"bg section-bg fill bg-fill  bg-loaded\" >\n\n\t\t\t\n\t\t\t\n\t\t\t\n\n\t\t<\/div>\n\n\t\t\n\n\t\t<div class=\"section-content relative\">\n\t\t\t\n\n<div class=\"row row-collapse row-full-width align-middle\"  id=\"row-1229869967\">\n\n\n\t<div id=\"col-1258991801\" class=\"col medium-6 small-12 large-6\"  >\n\t\t\t\t<div class=\"col-inner\"  >\n\t\t\t\n\t\t\t\n\n\n  <div class=\"banner has-hover\" id=\"banner-1996738207\">\n          <div class=\"banner-inner fill\">\n        <div class=\"banner-bg fill\" >\n            <div class=\"bg fill bg-fill \"><\/div>\n                                    \n                    <\/div>\n\t\t\n        <div class=\"banner-layers container\">\n            <div class=\"fill banner-link\"><\/div>            \n\n\n        <\/div>\n      <\/div>\n\n            \n<style>\n#banner-1996738207 {\n  padding-top: 300px;\n  background-color: rgba(255, 255, 255, 0);\n}\n#banner-1996738207 .bg.bg-loaded {\n  background-image: url(https:\/\/www.ekifert.com\/wp-content\/uploads\/2023\/12\/IMG_2326-1024x683.jpg);\n}\n#banner-1996738207 .bg {\n  background-position: 60% 46%;\n}\n@media (min-width:550px) {\n  #banner-1996738207 {\n    padding-top: 652px;\n  }\n}\n<\/style>\n  <\/div>\n\n\n\n\t\t<\/div>\n\t\t\t\t\t<\/div>\n\n\t\n\n\t<div id=\"col-285411975\" class=\"col medium-6 small-12 large-6\"  >\n\t\t\t\t<div class=\"col-inner\"  >\n\t\t\t\n\t\t\t\n\n<div class=\"row align-center\"  id=\"row-469006310\">\n\n\n\t<div id=\"col-807271929\" class=\"col medium-9 small-12 large-11\"  >\n\t\t\t\t<div class=\"col-inner\"  >\n\t\t\t\n\t\t\t\n\n\t<div id=\"text-3352556269\" class=\"text\">\n\t\t\n\n<h2>Quelques exemples de composts disponibles :<\/h2>\n\t\t\n<style>\n#text-3352556269 {\n  font-size: 1.5rem;\n  color: #132e4b;\n}\n#text-3352556269 > * {\n  color: #132e4b;\n}\n@media (min-width:850px) {\n  #text-3352556269 {\n    font-size: 1.75rem;\n  }\n}\n<\/style>\n\t<\/div>\n\t\n<ul>\n<li>\n<p><strong>AKTIF 20-20-20 :<\/strong> <span data-text-color=\"secondary\">compost de volailles<\/span><\/p>\n<\/li>\n<li>\n<p><strong>AKTIF 12-40-7 :<\/strong> <span data-text-color=\"secondary\">compost de lisier de porc<\/span><\/p>\n<\/li>\n<li>\n<p><strong>AKTIF 12-15-9 :<\/strong> <span data-text-color=\"secondary\">compost de volailles + marc de raisin<\/span><\/p>\n<\/li>\n<li>\n<p><strong>AKTIF 15-15-15 :<\/strong> <span data-text-color=\"secondary\">compost de volailles<\/span><span data-text-color=\"secondary\">\u00a0+ v\u00e9g\u00e9taux<\/span><\/p>\n<\/li>\n<li>\n<p><strong>AKTIF 35-30-25\u00a0 <\/strong><strong>:<\/strong> <span data-text-color=\"secondary\">fientes de poules pondeuses<\/span><\/p>\n<\/li>\n<li>\n<p><strong>AKTIF 15-30-50 :<\/strong> <span data-text-color=\"secondary\">compost de volailles<\/span><span data-text-color=\"secondary\">\u00a0+ cendres v\u00e9g\u00e9tales<\/span><\/p>\n<\/li>\n<\/ul>\n\n\t\t<\/div>\n\t\t\t\t\n<style>\n#col-807271929 > .col-inner {\n  padding: 50px 20px 20px 20px;\n}\n@media (min-width:550px) {\n  #col-807271929 > .col-inner {\n    padding: 0px 0px 0px 0;\n  }\n}\n<\/style>\n\t<\/div>\n\n\t\n\n<\/div>\n\n\t\t<\/div>\n\t\t\t\t\t<\/div>\n\n\t\n\n<\/div>\n<div class=\"row\"  id=\"row-45829088\">\n\n\n\t<div id=\"col-1888236309\" class=\"col small-12 large-12\"  >\n\t\t\t\t<div class=\"col-inner\" style=\"background-color:#273647;\" >\n\t\t\t\n\t\t\t\n\n<div class=\"row align-middle align-center\"  id=\"row-1310210341\">\n\n\n\t<div id=\"col-690685056\" class=\"col medium-8 small-12 large-8\"  >\n\t\t\t\t<div class=\"col-inner\"  >\n\t\t\t\n\t\t\t\n\n\t<div id=\"text-2286427756\" class=\"text\">\n\t\t\n\n<h2>Un besoin, une demande de renseignement ?<\/h2>\n\t\t\n<style>\n#text-2286427756 {\n  font-size: 1.5rem;\n  text-align: center;\n  color: rgb(255,255,255);\n}\n#text-2286427756 > * {\n  color: rgb(255,255,255);\n}\n<\/style>\n\t<\/div>\n\t\n\t<div id=\"text-2653974251\" class=\"text\">\n\t\t\n\n<h2>Contactez nous pour obtenir des informations.<\/h2>\n\t\t\n<style>\n#text-2653974251 {\n  font-size: 1.05rem;\n  text-align: center;\n  color: rgb(255,255,255);\n}\n#text-2653974251 > * {\n  color: rgb(255,255,255);\n}\n<\/style>\n\t<\/div>\n\t\n\n\t\t<\/div>\n\t\t\t\t\t<\/div>\n\n\t\n\n\t<div id=\"col-849901365\" class=\"col medium-4 small-12 large-4\"  >\n\t\t\t\t<div class=\"col-inner text-center\"  >\n\t\t\t\n\t\t\t\n\n<a href=\"https:\/\/www.ekifert.com\/index.php\/contact\/\" class=\"button white reveal-icon\"  style=\"border-radius:99px;\">\n    <span>Je prends contact<\/span>\n  <i class=\"icon-angle-right\" aria-hidden=\"true\" ><\/i><\/a>\n\n\n\n\t\t<\/div>\n\t\t\t\t\t<\/div>\n\n\t\n\n<\/div>\n\n\t\t<\/div>\n\t\t\t\t\n<style>\n#col-1888236309 > .col-inner {\n  margin: -20px 0px 0px 0px;\n  border-radius: 30px;\n}\n@media (min-width:550px) {\n  #col-1888236309 > .col-inner {\n    margin: -95px 0px 0px 0px;\n  }\n}\n<\/style>\n\t<\/div>\n\n\t\n\n\n<style>\n#row-45829088 > .col > .col-inner {\n  padding: 10% 10% 5% 10%;\n}\n@media (min-width:550px) {\n  #row-45829088 > .col > .col-inner {\n    padding: 5% 5% 2% 5%;\n  }\n}\n<\/style>\n<\/div>\n\n\t\t<\/div>\n\n\t\t\n<style>\n#section_167191633 {\n  padding-top: 0px;\n  padding-bottom: 0px;\n}\n<\/style>\n\t<\/section>\n\t\n\t<section class=\"section\" id=\"section_1694201138\">\n\t\t<div class=\"bg section-bg fill bg-fill  bg-loaded\" >\n\n\t\t\t\n\t\t\t\n\t\t\t\n\n\t\t<\/div>\n\n\t\t\n\n\t\t<div class=\"section-content relative\">\n\t\t\t\n\n\t<div id=\"gap-575999261\" class=\"gap-element clearfix\" style=\"display:block; height:auto;\">\n\t\t\n<style>\n#gap-575999261 {\n  padding-top: 30px;\n}\n<\/style>\n\t<\/div>\n\t\n\n<div class=\"row row-small align-middle\"  id=\"row-1714642243\">\n\n\n\t<div id=\"col-580375433\" class=\"col medium-6 small-12 large-3\"  >\n\t\t\t\t<div class=\"col-inner\"  >\n\t\t\t\n\t\t\t\n\n\n  <div class=\"banner has-hover\" id=\"banner-1159420273\">\n          <div class=\"banner-inner fill\">\n        <div class=\"banner-bg fill\" >\n            <div class=\"bg fill bg-fill \"><\/div>\n                                    \n                    <\/div>\n\t\t\n        <div class=\"banner-layers container\">\n            <div class=\"fill banner-link\"><\/div>            \n\n\n        <\/div>\n      <\/div>\n\n            \n<style>\n#banner-1159420273 {\n  padding-top: 99.99%;\n  background-color: rgb(255, 255, 255);\n}\n#banner-1159420273 .bg.bg-loaded {\n  background-image: url(https:\/\/www.ekifert.com\/wp-content\/uploads\/2023\/12\/DJI_0344-1024x476.jpg);\n}\n#banner-1159420273 .bg {\n  background-position: 39% 55%;\n}\n@media (min-width:550px) {\n  #banner-1159420273 {\n    padding-top: 400px;\n  }\n}\n@media (min-width:850px) {\n  #banner-1159420273 {\n    padding-top: 300px;\n  }\n}\n<\/style>\n  <\/div>\n\n\n\n\t\t<\/div>\n\t\t\t\t\t<\/div>\n\n\t\n\n\t<div id=\"col-1233404998\" class=\"col medium-6 small-12 large-3\"  >\n\t\t\t\t<div class=\"col-inner\"  >\n\t\t\t\n\t\t\t\n\n\n  <div class=\"banner has-hover\" id=\"banner-522635833\">\n          <div class=\"banner-inner fill\">\n        <div class=\"banner-bg fill\" >\n            <div class=\"bg fill bg-fill \"><\/div>\n                                    \n                    <\/div>\n\t\t\n        <div class=\"banner-layers container\">\n            <div class=\"fill banner-link\"><\/div>            \n\n\n        <\/div>\n      <\/div>\n\n            \n<style>\n#banner-522635833 {\n  padding-top: 99.99%;\n  background-color: rgb(255, 255, 255);\n}\n#banner-522635833 .bg.bg-loaded {\n  background-image: url(https:\/\/www.ekifert.com\/wp-content\/uploads\/2023\/12\/IMG_8527-1024x670.jpg);\n}\n#banner-522635833 .bg {\n  background-position: 10% 44%;\n}\n@media (min-width:550px) {\n  #banner-522635833 {\n    padding-top: 400px;\n  }\n}\n@media (min-width:850px) {\n  #banner-522635833 {\n    padding-top: 433px;\n  }\n}\n<\/style>\n  <\/div>\n\n\n\n\t\t<\/div>\n\t\t\t\t\t<\/div>\n\n\t\n\n\t<div id=\"col-869075231\" class=\"col medium-12 small-12 large-6\"  >\n\t\t\t\t<div class=\"col-inner\"  >\n\t\t\t\n\t\t\t\n\n\t<div id=\"gap-1159797129\" class=\"gap-element clearfix\" style=\"display:block; height:auto;\">\n\t\t\n<style>\n#gap-1159797129 {\n  padding-top: 15px;\n}\n@media (min-width:850px) {\n  #gap-1159797129 {\n    padding-top: 30px;\n  }\n}\n<\/style>\n\t<\/div>\n\t\n\n\t<div id=\"text-2516889754\" class=\"text\">\n\t\t\n\n<h2>Une solution sur-mesure pour la logistique et votre transport<\/h2>\n\t\t\n<style>\n#text-2516889754 {\n  font-size: 1.5rem;\n}\n<\/style>\n\t<\/div>\n\t\n<p>Nous disposons d\u2019un solide r\u00e9seau de transport compos\u00e9 d\u2019une dizaine de camions en fond mouvant et 65 partenaires de confiance pour une livraison rapide et efficace de vos marchandises \u00e0 travers le pays.<br \/>Notre exp\u00e9rience, notre savoir-faire et nos moyens techniques nous permettent de vous garantir une prestation s\u00e9curis\u00e9e et de qualit\u00e9 pour tous nos enl\u00e8vements et livraisons.<\/p>\n\n\t\t<\/div>\n\t\t\t\t\n<style>\n#col-869075231 > .col-inner {\n  padding: 0px 0px 0px 0;\n}\n@media (min-width:850px) {\n  #col-869075231 > .col-inner {\n    padding: 0px 0px 0px 10%;\n  }\n}\n<\/style>\n\t<\/div>\n\n\t\n\n<\/div>\n\n\t\t<\/div>\n\n\t\t\n<style>\n#section_1694201138 {\n  padding-top: 30px;\n  padding-bottom: 30px;\n}\n<\/style>\n\t<\/section>\n\t\n\t<section class=\"section dark\" id=\"section_687088304\">\n\t\t<div class=\"bg section-bg fill bg-fill  bg-loaded\" >\n\n\t\t\t\n\t\t\t\n\t\t\t\n\n\t\t<\/div>\n\n\t\t\n\n\t\t<div class=\"section-content relative\">\n\t\t\t\n\n<div class=\"row row-small align-middle align-center\"  id=\"row-1838432970\">\n\n\n\t<div id=\"col-1693906647\" class=\"col medium-10 small-12 large-4\"  >\n\t\t\t\t<div class=\"col-inner\"  >\n\t\t\t\n\t\t\t\n\n\t<div id=\"text-123328690\" class=\"text\">\n\t\t\n\n<h2 class=\"uppercase\">Que souhaitez-vous faire ?<\/h2>\n\t\t\n<style>\n#text-123328690 {\n  text-align: center;\n}\n<\/style>\n\t<\/div>\n\t\n\n\t\t<\/div>\n\t\t\t\t\t<\/div>\n\n\t\n\n\t<div id=\"col-1826651235\" class=\"col medium-10 small-12 large-4\"  >\n\t\t\t\t<div class=\"col-inner text-center\"  >\n\t\t\t\n\t\t\t\n\n<a href=\"https:\/\/www.ekifert.com\/index.php\/contact\/\" class=\"button secondary reveal-icon\"  style=\"border-radius:99px;\">\n    <span>Obtenir un devis<\/span>\n  <i class=\"icon-checkmark\" aria-hidden=\"true\" ><\/i><\/a>\n\n\n\n\t\t<\/div>\n\t\t\t\t\t<\/div>\n\n\t\n\n<\/div>\n\n\t\t<\/div>\n\n\t\t\n<style>\n#section_687088304 {\n  padding-top: 30px;\n  padding-bottom: 30px;\n  background-color: #273647;\n}\n<\/style>\n\t<\/section>\n\t\n\n","protected":false},"excerpt":{"rendered":"","protected":false},"author":1,"featured_media":0,"parent":0,"menu_order":0,"comment_status":"closed","ping_status":"closed","template":"page-blank.php","meta":{"footnotes":""},"class_list":["post-222","page","type-page","status-publish","hentry"],"yoast_head":"<!-- This site is optimized with the Yoast SEO plugin v26.8 - https:\/\/yoast.com\/product\/yoast-seo-wordpress\/ -->\n<title>Engrais &amp; Amendements organiques pulv\u00e9rulents - Ekifert<\/title>\n<meta name=\"robots\" content=\"index, follow, max-snippet:-1, max-image-preview:large, max-video-preview:-1\" \/>\n<link rel=\"canonical\" href=\"https:\/\/www.ekifert.com\/index.php\/compost\/\" \/>\n<meta property=\"og:locale\" content=\"fr_FR\" \/>\n<meta property=\"og:type\" content=\"article\" \/>\n<meta property=\"og:title\" content=\"Engrais &amp; Amendements organiques pulv\u00e9rulents - Ekifert\" \/>\n<meta property=\"og:url\" content=\"https:\/\/www.ekifert.com\/index.php\/compost\/\" \/>\n<meta property=\"og:site_name\" content=\"Ekifert\" \/>\n<meta property=\"article:modified_time\" content=\"2024-05-16T14:52:54+00:00\" \/>\n<meta name=\"twitter:card\" content=\"summary_large_image\" \/>\n<meta name=\"twitter:label1\" content=\"Dur\u00e9e de lecture estim\u00e9e\" \/>\n\t<meta name=\"twitter:data1\" content=\"4 minutes\" \/>\n<script type=\"application\/ld+json\" class=\"yoast-schema-graph\">{\"@context\":\"https:\/\/schema.org\",\"@graph\":[{\"@type\":\"WebPage\",\"@id\":\"https:\/\/www.ekifert.com\/index.php\/compost\/\",\"url\":\"https:\/\/www.ekifert.com\/index.php\/compost\/\",\"name\":\"Engrais & Amendements organiques pulv\u00e9rulents - Ekifert\",\"isPartOf\":{\"@id\":\"https:\/\/www.ekifert.com\/#website\"},\"datePublished\":\"2023-10-12T12:36:34+00:00\",\"dateModified\":\"2024-05-16T14:52:54+00:00\",\"breadcrumb\":{\"@id\":\"https:\/\/www.ekifert.com\/index.php\/compost\/#breadcrumb\"},\"inLanguage\":\"fr-FR\",\"potentialAction\":[{\"@type\":\"ReadAction\",\"target\":[\"https:\/\/www.ekifert.com\/index.php\/compost\/\"]}]},{\"@type\":\"BreadcrumbList\",\"@id\":\"https:\/\/www.ekifert.com\/index.php\/compost\/#breadcrumb\",\"itemListElement\":[{\"@type\":\"ListItem\",\"position\":1,\"name\":\"Accueil\",\"item\":\"https:\/\/www.ekifert.com\/\"},{\"@type\":\"ListItem\",\"position\":2,\"name\":\"Engrais &#038; Amendements organiques pulv\u00e9rulents\"}]},{\"@type\":\"WebSite\",\"@id\":\"https:\/\/www.ekifert.com\/#website\",\"url\":\"https:\/\/www.ekifert.com\/\",\"name\":\"Ekifert\",\"description\":\"N\u00e9goce de fertilisants organiques et coproduits\",\"potentialAction\":[{\"@type\":\"SearchAction\",\"target\":{\"@type\":\"EntryPoint\",\"urlTemplate\":\"https:\/\/www.ekifert.com\/?s={search_term_string}\"},\"query-input\":{\"@type\":\"PropertyValueSpecification\",\"valueRequired\":true,\"valueName\":\"search_term_string\"}}],\"inLanguage\":\"fr-FR\"}]}<\/script>\n<!-- \/ Yoast SEO plugin. -->","yoast_head_json":{"title":"Engrais & Amendements organiques pulv\u00e9rulents - Ekifert","robots":{"index":"index","follow":"follow","max-snippet":"max-snippet:-1","max-image-preview":"max-image-preview:large","max-video-preview":"max-video-preview:-1"},"canonical":"https:\/\/www.ekifert.com\/index.php\/compost\/","og_locale":"fr_FR","og_type":"article","og_title":"Engrais & Amendements organiques pulv\u00e9rulents - Ekifert","og_url":"https:\/\/www.ekifert.com\/index.php\/compost\/","og_site_name":"Ekifert","article_modified_time":"2024-05-16T14:52:54+00:00","twitter_card":"summary_large_image","twitter_misc":{"Dur\u00e9e de lecture estim\u00e9e":"4 minutes"},"schema":{"@context":"https:\/\/schema.org","@graph":[{"@type":"WebPage","@id":"https:\/\/www.ekifert.com\/index.php\/compost\/","url":"https:\/\/www.ekifert.com\/index.php\/compost\/","name":"Engrais & Amendements organiques pulv\u00e9rulents - Ekifert","isPartOf":{"@id":"https:\/\/www.ekifert.com\/#website"},"datePublished":"2023-10-12T12:36:34+00:00","dateModified":"2024-05-16T14:52:54+00:00","breadcrumb":{"@id":"https:\/\/www.ekifert.com\/index.php\/compost\/#breadcrumb"},"inLanguage":"fr-FR","potentialAction":[{"@type":"ReadAction","target":["https:\/\/www.ekifert.com\/index.php\/compost\/"]}]},{"@type":"BreadcrumbList","@id":"https:\/\/www.ekifert.com\/index.php\/compost\/#breadcrumb","itemListElement":[{"@type":"ListItem","position":1,"name":"Accueil","item":"https:\/\/www.ekifert.com\/"},{"@type":"ListItem","position":2,"name":"Engrais &#038; Amendements organiques pulv\u00e9rulents"}]},{"@type":"WebSite","@id":"https:\/\/www.ekifert.com\/#website","url":"https:\/\/www.ekifert.com\/","name":"Ekifert","description":"N\u00e9goce de fertilisants organiques et coproduits","potentialAction":[{"@type":"SearchAction","target":{"@type":"EntryPoint","urlTemplate":"https:\/\/www.ekifert.com\/?s={search_term_string}"},"query-input":{"@type":"PropertyValueSpecification","valueRequired":true,"valueName":"search_term_string"}}],"inLanguage":"fr-FR"}]}},"_links":{"self":[{"href":"https:\/\/www.ekifert.com\/index.php\/wp-json\/wp\/v2\/pages\/222","targetHints":{"allow":["GET"]}}],"collection":[{"href":"https:\/\/www.ekifert.com\/index.php\/wp-json\/wp\/v2\/pages"}],"about":[{"href":"https:\/\/www.ekifert.com\/index.php\/wp-json\/wp\/v2\/types\/page"}],"author":[{"embeddable":true,"href":"https:\/\/www.ekifert.com\/index.php\/wp-json\/wp\/v2\/users\/1"}],"replies":[{"embeddable":true,"href":"https:\/\/www.ekifert.com\/index.php\/wp-json\/wp\/v2\/comments?post=222"}],"version-history":[{"count":1,"href":"https:\/\/www.ekifert.com\/index.php\/wp-json\/wp\/v2\/pages\/222\/revisions"}],"predecessor-version":[{"id":482,"href":"https:\/\/www.ekifert.com\/index.php\/wp-json\/wp\/v2\/pages\/222\/revisions\/482"}],"wp:attachment":[{"href":"https:\/\/www.ekifert.com\/index.php\/wp-json\/wp\/v2\/media?parent=222"}],"curies":[{"name":"wp","href":"https:\/\/api.w.org\/{rel}","templated":true}]}}